{"id":170,"date":"2025-05-13T14:23:38","date_gmt":"2025-05-13T14:23:38","guid":{"rendered":"https:\/\/www.pallettransfer.eu\/?page_id=170"},"modified":"2025-06-09T16:17:25","modified_gmt":"2025-06-09T14:17:25","slug":"gdpr","status":"publish","type":"page","link":"https:\/\/www.pallettransfer.eu\/cs\/gdpr\/","title":{"rendered":"GDPR"},"content":{"rendered":"<div data-elementor-type=\"wp-page\" data-elementor-id=\"170\" class=\"elementor elementor-170\">\n\t\t\t\t<div class=\"elementor-element elementor-element-863df4f e-flex e-con-boxed e-con e-parent\" data-id=\"863df4f\" data-element_type=\"container\" data-settings=\"{&quot;background_background&quot;:&quot;classic&quot;}\">\n\t\t\t\t\t<div class=\"e-con-inner\">\n\t\t\t\t<div class=\"elementor-element elementor-element-3762b9f elementor-widget elementor-widget-heading\" data-id=\"3762b9f\" data-element_type=\"widget\" data-no-translation=\"\" data-widget_type=\"heading.default\">\n\t\t\t\t<div class=\"elementor-widget-container\">\n\t\t\t\t\t<h2 class=\"elementor-heading-title elementor-size-default\">Z\u00e1sady ochrany osobn\u00edch \u00fadaj\u016f na webu pallettransfer.eu<\/h2>\t\t\t\t<\/div>\n\t\t\t\t<\/div>\n\t\t\t\t<div class=\"elementor-element elementor-element-52eecc5 elementor-widget elementor-widget-text-editor\" data-id=\"52eecc5\" data-element_type=\"widget\" data-no-translation=\"\" data-widget_type=\"text-editor.default\">\n\t\t\t\t<div class=\"elementor-widget-container\">\n\t\t\t\t\t\t\t\t\t<h3 class=\"\" data-start=\"224\" data-end=\"259\">1. <strong data-start=\"231\" data-end=\"257\">Spr\u00e1vce osobn\u00edch \u00fadaj\u016f<\/strong><\/h3><p class=\"\" data-start=\"260\" data-end=\"386\">Spr\u00e1vcem osobn\u00edch \u00fadaj\u016f je:<br data-start=\"287\" data-end=\"290\" \/><strong data-start=\"290\" data-end=\"306\">STW INTER s.r.o.<\/strong><br data-start=\"306\" data-end=\"309\" \/>I\u010cO: 212 12 309<br data-start=\"327\" data-end=\"330\" \/>S\u00eddlo: Obj\u00edzdn\u00e1 1947, 765 02 Otrokovice, \u010cesk\u00e1 republika<br data-start=\"353\" data-end=\"356\" \/>E-mail: <a class=\"cursor-pointer\" rel=\"noopener\" data-start=\"364\" data-end=\"386\">info@pallettransfer.eu<\/a><\/p><hr class=\"\" data-start=\"388\" data-end=\"391\" \/><h3 class=\"\" data-start=\"393\" data-end=\"436\">2. <strong data-start=\"400\" data-end=\"434\">Jak\u00e9 osobn\u00ed \u00fadaje zpracov\u00e1v\u00e1me<\/strong><\/h3><p class=\"\" data-start=\"437\" data-end=\"540\">P\u0159i vypln\u011bn\u00ed kontaktn\u00edho formul\u00e1\u0159e na webu <strong data-start=\"480\" data-end=\"501\">pallettransfer.eu<\/strong> od v\u00e1s zpracov\u00e1v\u00e1me n\u00e1sleduj\u00edc\u00ed \u00fadaje:<\/p><ul data-start=\"541\" data-end=\"659\"><li class=\"\" data-start=\"541\" data-end=\"561\"><p class=\"\" data-start=\"543\" data-end=\"561\">Jm\u00e9no a p\u0159\u00edjmen\u00ed<\/p><\/li><li class=\"\" data-start=\"562\" data-end=\"582\"><p class=\"\" data-start=\"564\" data-end=\"582\">E-mailov\u00e1 adresa<\/p><\/li><li class=\"\" data-start=\"583\" data-end=\"602\"><p class=\"\" data-start=\"585\" data-end=\"602\">Telefonn\u00ed \u010d\u00edslo<\/p><\/li><li class=\"\" data-start=\"603\" data-end=\"619\"><p class=\"\" data-start=\"605\" data-end=\"619\">Obsah zpr\u00e1vy<\/p><\/li><li class=\"\" data-start=\"620\" data-end=\"659\"><p class=\"\" data-start=\"622\" data-end=\"659\">Souhlas se zpracov\u00e1n\u00edm osobn\u00edch \u00fadaj\u016f<\/p><\/li><\/ul><hr class=\"\" data-start=\"661\" data-end=\"664\" \/><h3 class=\"\" data-start=\"666\" data-end=\"709\">3. <strong data-start=\"673\" data-end=\"707\">\u00da\u010del zpracov\u00e1n\u00ed osobn\u00edch \u00fadaj\u016f<\/strong><\/h3><p class=\"\" data-start=\"710\" data-end=\"751\">Va\u0161e osobn\u00ed \u00fadaje zpracov\u00e1v\u00e1me za \u00fa\u010delem:<\/p><ul data-start=\"752\" data-end=\"893\"><li class=\"\" data-start=\"752\" data-end=\"797\"><p class=\"\" data-start=\"754\" data-end=\"797\">Kontaktov\u00e1n\u00ed zp\u011bt a odpov\u011bdi na v\u00e1\u0161 dotaz<\/p><\/li><li class=\"\" data-start=\"798\" data-end=\"893\"><p class=\"\" data-start=\"800\" data-end=\"893\">Poskytnut\u00ed bli\u017e\u0161\u00edch informac\u00ed o mo\u017enostech vyu\u017eit\u00ed za\u0159\u00edzen\u00ed &#8220;P\u0159eklada\u010d palet PT25&#8221; ve va\u0161\u00ed firm\u011b<\/p><\/li><\/ul><hr class=\"\" data-start=\"895\" data-end=\"898\" \/><h3 class=\"\" data-start=\"900\" data-end=\"932\">4. <strong data-start=\"907\" data-end=\"930\">Doba uchov\u00e1n\u00ed \u00fadaj\u016f<\/strong><\/h3><p class=\"\" data-start=\"933\" data-end=\"1094\">Osobn\u00ed \u00fadaje uchov\u00e1v\u00e1me po dobu nezbytn\u011b nutnou pro vy\u0159\u00edzen\u00ed va\u0161\u00ed popt\u00e1vky, maxim\u00e1ln\u011b v\u0161ak po dobu <strong data-start=\"1032\" data-end=\"1045\">12 m\u011bs\u00edc\u016f<\/strong>, pokud mezi n\u00e1mi nenav\u00e1\u017eeme obchodn\u00ed spolupr\u00e1ci.<\/p><hr class=\"\" data-start=\"1096\" data-end=\"1099\" \/><h3 class=\"\" data-start=\"1101\" data-end=\"1147\">5. <strong data-start=\"1108\" data-end=\"1145\">Komu mohou b\u00fdt \u00fadaje zp\u0159\u00edstupn\u011bny<\/strong><\/h3><p class=\"\" data-start=\"1148\" data-end=\"1312\">Va\u0161e osobn\u00ed \u00fadaje nejsou p\u0159ed\u00e1v\u00e1ny \u017e\u00e1dn\u00fdm t\u0159et\u00edm stran\u00e1m. P\u0159\u00edstup k nim maj\u00ed pouze pov\u011b\u0159en\u00ed pracovn\u00edci spr\u00e1vce, kte\u0159\u00ed zaji\u0161\u0165uj\u00ed komunikaci a technickou spr\u00e1vu webu.<\/p><hr class=\"\" data-start=\"1314\" data-end=\"1317\" \/><h3 class=\"\" data-start=\"1319\" data-end=\"1342\">6. <strong data-start=\"1326\" data-end=\"1340\">Va\u0161e pr\u00e1va<\/strong><\/h3><p class=\"\" data-start=\"1343\" data-end=\"1354\">M\u00e1te pr\u00e1vo:<\/p><ul data-start=\"1355\" data-end=\"1593\"><li class=\"\" data-start=\"1355\" data-end=\"1399\"><p class=\"\" data-start=\"1357\" data-end=\"1399\">Po\u017eadovat p\u0159\u00edstup ke sv\u00fdm osobn\u00edm \u00fadaj\u016fm<\/p><\/li><li class=\"\" data-start=\"1400\" data-end=\"1437\"><p class=\"\" data-start=\"1402\" data-end=\"1437\">Po\u017eadovat opravu nebo v\u00fdmaz \u00fadaj\u016f<\/p><\/li><li class=\"\" data-start=\"1438\" data-end=\"1473\"><p class=\"\" data-start=\"1440\" data-end=\"1473\">Vzn\u00e9st n\u00e1mitku proti zpracov\u00e1n\u00ed<\/p><\/li><li class=\"\" data-start=\"1474\" data-end=\"1506\"><p class=\"\" data-start=\"1476\" data-end=\"1506\">Po\u017eadovat omezen\u00ed zpracov\u00e1n\u00ed<\/p><\/li><li class=\"\" data-start=\"1507\" data-end=\"1541\"><p class=\"\" data-start=\"1509\" data-end=\"1541\">Odvolat souhlas se zpracov\u00e1n\u00edm<\/p><\/li><li class=\"\" data-start=\"1542\" data-end=\"1593\"><p class=\"\" data-start=\"1544\" data-end=\"1593\">Podat st\u00ed\u017enost u \u00da\u0159adu pro ochranu osobn\u00edch \u00fadaj\u016f<\/p><\/li><\/ul><hr class=\"\" data-start=\"1595\" data-end=\"1598\" \/><h3 class=\"\" data-start=\"1600\" data-end=\"1637\">7. <strong data-start=\"1607\" data-end=\"1635\">Kontakt v p\u0159\u00edpad\u011b dotaz\u016f<\/strong><\/h3><p class=\"\" data-start=\"1638\" data-end=\"1766\">V p\u0159\u00edpad\u011b jak\u00fdchkoliv dotaz\u016f ohledn\u011b zpracov\u00e1n\u00ed va\u0161ich osobn\u00edch \u00fadaj\u016f n\u00e1s m\u016f\u017eete kontaktovat na:<br data-start=\"1734\" data-end=\"1737\" \/>\ud83d\udce7 <strong data-start=\"1740\" data-end=\"1766\"><a class=\"cursor-pointer\" rel=\"noopener\" data-start=\"1742\" data-end=\"1764\">info@pallettransfer.eu<\/a><\/strong><\/p>\t\t\t\t\t\t\t\t<\/div>\n\t\t\t\t<\/div>\n\t\t\t\t<div class=\"elementor-element elementor-element-f0094f1 elementor-widget elementor-widget-heading\" data-id=\"f0094f1\" data-element_type=\"widget\" data-no-translation=\"\" data-widget_type=\"heading.default\">\n\t\t\t\t<div class=\"elementor-widget-container\">\n\t\t\t\t\t<style>.elementor-element-f0094f1{display:none !important}<\/style>\t\t\t\t<\/div>\n\t\t\t\t<\/div>\n\t\t\t\t<div class=\"elementor-element elementor-element-d7fbcb4 elementor-widget elementor-widget-text-editor\" data-id=\"d7fbcb4\" data-element_type=\"widget\" data-no-translation=\"\" data-widget_type=\"text-editor.default\">\n\t\t\t\t<div class=\"elementor-widget-container\">\n\t\t\t\t\t<style>.elementor-element-d7fbcb4{display:none !important}<\/style>\t\t\t\t<\/div>\n\t\t\t\t<\/div>\n\t\t\t\t\t<\/div>\n\t\t\t\t<\/div>\n\t\t\t\t<\/div>","protected":false},"excerpt":{"rendered":"<p>Z\u00e1sady ochrany osobn\u00edch \u00fadaj\u016f na webu pallettransfer.eu 1. Spr\u00e1vce osobn\u00edch \u00fadaj\u016f Spr\u00e1vcem osobn\u00edch \u00fadaj\u016f je:STW INTER s.r.o.I\u010cO: 212 12 309S\u00eddlo: Obj\u00edzdn\u00e1 1947, 765 02 Otrokovice, \u010cesk\u00e1 republikaE-mail: info@pallettransfer.eu 2. Jak\u00e9 osobn\u00ed \u00fadaje zpracov\u00e1v\u00e1me P\u0159i vypln\u011bn\u00ed kontaktn\u00edho formul\u00e1\u0159e na webu pallettransfer.eu od v\u00e1s zpracov\u00e1v\u00e1me n\u00e1sleduj\u00edc\u00ed \u00fadaje: Jm\u00e9no a p\u0159\u00edjmen\u00ed E-mailov\u00e1 adresa Telefonn\u00ed \u010d\u00edslo Obsah zpr\u00e1vy Souhlas [&hellip;]<\/p>","protected":false},"author":1,"featured_media":0,"parent":0,"menu_order":0,"comment_status":"closed","ping_status":"closed","template":"","meta":{"footnotes":""},"class_list":["post-170","page","type-page","status-publish","hentry"],"yoast_head":"<!-- This site is optimized with the Yoast SEO plugin v25.6 - https:\/\/yoast.com\/wordpress\/plugins\/seo\/ -->\n<title>GDPR - pallettransfer.eu<\/title>\n<meta name=\"robots\" content=\"noindex, nofollow\" \/>\n<meta property=\"og:locale\" content=\"cs_CZ\" \/>\n<meta property=\"og:type\" content=\"article\" \/>\n<meta property=\"og:title\" content=\"GDPR - pallettransfer.eu\" \/>\n<meta property=\"og:description\" content=\"Z\u00e1sady ochrany osobn\u00edch \u00fadaj\u016f na webu pallettransfer.eu 1. Spr\u00e1vce osobn\u00edch \u00fadaj\u016f Spr\u00e1vcem osobn\u00edch \u00fadaj\u016f je:STW INTER s.r.o.I\u010cO: 212 12 309S\u00eddlo: Obj\u00edzdn\u00e1 1947, 765 02 Otrokovice, \u010cesk\u00e1 republikaE-mail: info@pallettransfer.eu 2. Jak\u00e9 osobn\u00ed \u00fadaje zpracov\u00e1v\u00e1me P\u0159i vypln\u011bn\u00ed kontaktn\u00edho formul\u00e1\u0159e na webu pallettransfer.eu od v\u00e1s zpracov\u00e1v\u00e1me n\u00e1sleduj\u00edc\u00ed \u00fadaje: Jm\u00e9no a p\u0159\u00edjmen\u00ed E-mailov\u00e1 adresa Telefonn\u00ed \u010d\u00edslo Obsah zpr\u00e1vy Souhlas [&hellip;]\" \/>\n<meta property=\"og:url\" content=\"https:\/\/www.pallettransfer.eu\/cs\/gdpr\/\" \/>\n<meta property=\"og:site_name\" content=\"pallettransfer.eu\" \/>\n<meta property=\"article:modified_time\" content=\"2025-06-09T14:17:25+00:00\" \/>\n<meta name=\"twitter:card\" content=\"summary_large_image\" \/>\n<meta name=\"twitter:label1\" content=\"Odhadovan\u00e1 doba \u010dten\u00ed\" \/>\n\t<meta name=\"twitter:data1\" content=\"3 minuty\" \/>\n<script type=\"application\/ld+json\" class=\"yoast-schema-graph\">{\"@context\":\"https:\/\/schema.org\",\"@graph\":[{\"@type\":\"WebPage\",\"@id\":\"https:\/\/www.pallettransfer.eu\/gdpr\/\",\"url\":\"https:\/\/www.pallettransfer.eu\/gdpr\/\",\"name\":\"GDPR - pallettransfer.eu\",\"isPartOf\":{\"@id\":\"https:\/\/www.pallettransfer.eu\/#website\"},\"datePublished\":\"2025-05-13T14:23:38+00:00\",\"dateModified\":\"2025-06-09T14:17:25+00:00\",\"breadcrumb\":{\"@id\":\"https:\/\/www.pallettransfer.eu\/gdpr\/#breadcrumb\"},\"inLanguage\":\"cs\",\"potentialAction\":[{\"@type\":\"ReadAction\",\"target\":[\"https:\/\/www.pallettransfer.eu\/gdpr\/\"]}]},{\"@type\":\"BreadcrumbList\",\"@id\":\"https:\/\/www.pallettransfer.eu\/gdpr\/#breadcrumb\",\"itemListElement\":[{\"@type\":\"ListItem\",\"position\":1,\"name\":\"Dom\u016f\",\"item\":\"https:\/\/www.pallettransfer.eu\/\"},{\"@type\":\"ListItem\",\"position\":2,\"name\":\"GDPR\"}]},{\"@type\":\"WebSite\",\"@id\":\"https:\/\/www.pallettransfer.eu\/#website\",\"url\":\"https:\/\/www.pallettransfer.eu\/\",\"name\":\"pallettransfer.eu\",\"description\":\"\",\"publisher\":{\"@id\":\"https:\/\/www.pallettransfer.eu\/#organization\"},\"potentialAction\":[{\"@type\":\"SearchAction\",\"target\":{\"@type\":\"EntryPoint\",\"urlTemplate\":\"https:\/\/www.pallettransfer.eu\/?s={search_term_string}\"},\"query-input\":{\"@type\":\"PropertyValueSpecification\",\"valueRequired\":true,\"valueName\":\"search_term_string\"}}],\"inLanguage\":\"cs\"},{\"@type\":\"Organization\",\"@id\":\"https:\/\/www.pallettransfer.eu\/#organization\",\"name\":\"pallettransfer.eu\",\"url\":\"https:\/\/www.pallettransfer.eu\/\",\"logo\":{\"@type\":\"ImageObject\",\"inLanguage\":\"cs\",\"@id\":\"https:\/\/www.pallettransfer.eu\/#\/schema\/logo\/image\/\",\"url\":\"https:\/\/www.pallettransfer.eu\/wp-content\/uploads\/2025\/03\/palet-transfer-logo.svg\",\"contentUrl\":\"https:\/\/www.pallettransfer.eu\/wp-content\/uploads\/2025\/03\/palet-transfer-logo.svg\",\"width\":500,\"height\":500,\"caption\":\"pallettransfer.eu\"},\"image\":{\"@id\":\"https:\/\/www.pallettransfer.eu\/#\/schema\/logo\/image\/\"}}]}<\/script>\n<!-- \/ Yoast SEO plugin. -->","yoast_head_json":{"title":"GDPR - pallettransfer.eu","robots":{"index":"noindex","follow":"nofollow"},"og_locale":"cs_CZ","og_type":"article","og_title":"GDPR - pallettransfer.eu","og_description":"Z\u00e1sady ochrany osobn\u00edch \u00fadaj\u016f na webu pallettransfer.eu 1. Spr\u00e1vce osobn\u00edch \u00fadaj\u016f Spr\u00e1vcem osobn\u00edch \u00fadaj\u016f je:STW INTER s.r.o.I\u010cO: 212 12 309S\u00eddlo: Obj\u00edzdn\u00e1 1947, 765 02 Otrokovice, \u010cesk\u00e1 republikaE-mail: info@pallettransfer.eu 2. Jak\u00e9 osobn\u00ed \u00fadaje zpracov\u00e1v\u00e1me P\u0159i vypln\u011bn\u00ed kontaktn\u00edho formul\u00e1\u0159e na webu pallettransfer.eu od v\u00e1s zpracov\u00e1v\u00e1me n\u00e1sleduj\u00edc\u00ed \u00fadaje: Jm\u00e9no a p\u0159\u00edjmen\u00ed E-mailov\u00e1 adresa Telefonn\u00ed \u010d\u00edslo Obsah zpr\u00e1vy Souhlas [&hellip;]","og_url":"https:\/\/www.pallettransfer.eu\/cs\/gdpr\/","og_site_name":"pallettransfer.eu","article_modified_time":"2025-06-09T14:17:25+00:00","twitter_card":"summary_large_image","twitter_misc":{"Odhadovan\u00e1 doba \u010dten\u00ed":"3 minuty"},"schema":{"@context":"https:\/\/schema.org","@graph":[{"@type":"WebPage","@id":"https:\/\/www.pallettransfer.eu\/gdpr\/","url":"https:\/\/www.pallettransfer.eu\/gdpr\/","name":"GDPR - pallettransfer.eu","isPartOf":{"@id":"https:\/\/www.pallettransfer.eu\/#website"},"datePublished":"2025-05-13T14:23:38+00:00","dateModified":"2025-06-09T14:17:25+00:00","breadcrumb":{"@id":"https:\/\/www.pallettransfer.eu\/gdpr\/#breadcrumb"},"inLanguage":"cs","potentialAction":[{"@type":"ReadAction","target":["https:\/\/www.pallettransfer.eu\/gdpr\/"]}]},{"@type":"BreadcrumbList","@id":"https:\/\/www.pallettransfer.eu\/gdpr\/#breadcrumb","itemListElement":[{"@type":"ListItem","position":1,"name":"Dom\u016f","item":"https:\/\/www.pallettransfer.eu\/"},{"@type":"ListItem","position":2,"name":"GDPR"}]},{"@type":"WebSite","@id":"https:\/\/www.pallettransfer.eu\/#website","url":"https:\/\/www.pallettransfer.eu\/","name":"pallettransfer.eu","description":"","publisher":{"@id":"https:\/\/www.pallettransfer.eu\/#organization"},"potentialAction":[{"@type":"SearchAction","target":{"@type":"EntryPoint","urlTemplate":"https:\/\/www.pallettransfer.eu\/?s={search_term_string}"},"query-input":{"@type":"PropertyValueSpecification","valueRequired":true,"valueName":"search_term_string"}}],"inLanguage":"cs"},{"@type":"Organization","@id":"https:\/\/www.pallettransfer.eu\/#organization","name":"pallettransfer.eu","url":"https:\/\/www.pallettransfer.eu\/","logo":{"@type":"ImageObject","inLanguage":"cs","@id":"https:\/\/www.pallettransfer.eu\/#\/schema\/logo\/image\/","url":"https:\/\/www.pallettransfer.eu\/wp-content\/uploads\/2025\/03\/palet-transfer-logo.svg","contentUrl":"https:\/\/www.pallettransfer.eu\/wp-content\/uploads\/2025\/03\/palet-transfer-logo.svg","width":500,"height":500,"caption":"pallettransfer.eu"},"image":{"@id":"https:\/\/www.pallettransfer.eu\/#\/schema\/logo\/image\/"}}]}},"_links":{"self":[{"href":"https:\/\/www.pallettransfer.eu\/cs\/wp-json\/wp\/v2\/pages\/170","targetHints":{"allow":["GET"]}}],"collection":[{"href":"https:\/\/www.pallettransfer.eu\/cs\/wp-json\/wp\/v2\/pages"}],"about":[{"href":"https:\/\/www.pallettransfer.eu\/cs\/wp-json\/wp\/v2\/types\/page"}],"author":[{"embeddable":true,"href":"https:\/\/www.pallettransfer.eu\/cs\/wp-json\/wp\/v2\/users\/1"}],"replies":[{"embeddable":true,"href":"https:\/\/www.pallettransfer.eu\/cs\/wp-json\/wp\/v2\/comments?post=170"}],"version-history":[{"count":0,"href":"https:\/\/www.pallettransfer.eu\/cs\/wp-json\/wp\/v2\/pages\/170\/revisions"}],"wp:attachment":[{"href":"https:\/\/www.pallettransfer.eu\/cs\/wp-json\/wp\/v2\/media?parent=170"}],"curies":[{"name":"wp","href":"https:\/\/api.w.org\/{rel}","templated":true}]}}